{"id":49,"date":"2014-05-04T13:47:34","date_gmt":"2014-05-04T11:47:34","guid":{"rendered":"http:\/\/goyanes-restaurierung.com\/?page_id=49"},"modified":"2019-01-23T18:17:45","modified_gmt":"2019-01-23T16:17:45","slug":"kontakt-3","status":"publish","type":"page","link":"https:\/\/goyanes-restaurierung.com\/?page_id=49","title":{"rendered":"Kontakt"},"content":{"rendered":"<p>Mar\u00eda Jos\u00e9 Goyanes Mart\u00ednez<br \/>\n<span style=\"text-align: left;\">Goyanes Restaurierung<br \/>\n<\/span><span style=\"text-align: left;\">Arndtstra\u00dfe 39<br \/>\n<\/span><span style=\"text-align: left;\">70197 Stuttgart<\/span><\/p>\n<p style=\"text-align: left;\"><strong>Telefon:<\/strong> 0711\/ 50 49 43 61<br \/>\n<strong>Mobil: &nbsp;&nbsp;<\/strong> 0152\/ 12 22 53 46<\/p>\n<p style=\"text-align: left;\"><strong>e-mail:<\/strong> maria@goyanes-restaurierung.com<\/p>\n<h1 style=\"text-align: left;\">Bitte kontaktieren Sie mich:<\/h1>\n<p style=\"text-align: left;\"><div role=\"form\" class=\"wpcf7\" id=\"wpcf7-f366-o1\" lang=\"de-DE\" dir=\"ltr\">\n<div class=\"screen-reader-response\"><p role=\"status\" aria-live=\"polite\" aria-atomic=\"true\"><\/p> <ul><\/ul><\/div>\n<form action=\"\/index.php?rest_route=%2Fwp%2Fv2%2Fpages%2F49#wpcf7-f366-o1\" method=\"post\" class=\"wpcf7-form init\" novalidate=\"novalidate\" data-status=\"init\">\n<div style=\"display: none;\">\n<input type=\"hidden\" name=\"_wpcf7\" value=\"366\" \/>\n<input type=\"hidden\" name=\"_wpcf7_version\" value=\"5.3.2\" \/>\n<input type=\"hidden\" name=\"_wpcf7_locale\" value=\"de_DE\" \/>\n<input type=\"hidden\" name=\"_wpcf7_unit_tag\" value=\"wpcf7-f366-o1\" \/>\n<input type=\"hidden\" name=\"_wpcf7_container_post\" value=\"0\" \/>\n<input type=\"hidden\" name=\"_wpcf7_posted_data_hash\" value=\"\" \/>\n<\/div>\n<p>Ihr Name (Pflichtfeld)<br \/>\n    <span class=\"wpcf7-form-control-wrap your-name\"><input type=\"text\" name=\"your-name\" value=\"\" size=\"40\" class=\"wpcf7-form-control wpcf7-text wpcf7-validates-as-required\" aria-required=\"true\" aria-invalid=\"false\" \/><\/span> <\/p>\n<p>Ihre E-Mail-Adresse (Pflichtfeld)<br \/>\n    <span class=\"wpcf7-form-control-wrap your-email\"><input type=\"email\" name=\"your-email\" value=\"\" size=\"40\" class=\"wpcf7-form-control wpcf7-text wpcf7-email wpcf7-validates-as-required wpcf7-validates-as-email\" aria-required=\"true\" aria-invalid=\"false\" \/><\/span> <\/p>\n<p>Betreff<br \/>\n    <span class=\"wpcf7-form-control-wrap your-subject\"><input type=\"text\" name=\"your-subject\" value=\"\" size=\"40\" class=\"wpcf7-form-control wpcf7-text\" aria-invalid=\"false\" \/><\/span> <\/p>\n<p>Ihre Nachricht<br \/>\n    <span class=\"wpcf7-form-control-wrap your-message\"><textarea name=\"your-message\" cols=\"40\" rows=\"10\" class=\"wpcf7-form-control wpcf7-textarea\" aria-invalid=\"false\"><\/textarea><\/span> <\/p>\n<p><input type=\"submit\" value=\"Senden\" class=\"wpcf7-form-control wpcf7-submit\" \/><\/p>\n<div class=\"wpcf7-response-output\" aria-hidden=\"true\"><\/div><\/form><\/div><\/p>\n","protected":false},"excerpt":{"rendered":"<p>Mar\u00eda Jos\u00e9 Goyanes Mart\u00ednez Goyanes Restaurierung Arndtstra\u00dfe 39 70197 Stuttgart Telefon: 0711\/ 50 49 43 61 Mobil: &nbsp;&nbsp; 0152\/ 12 22 53 46 e-mail: maria@goyanes-restaurierung.com &hellip; <\/p>\n","protected":false},"author":1,"featured_media":0,"parent":0,"menu_order":4,"comment_status":"closed","ping_status":"open","template":"full-width.php","meta":[],"_links":{"self":[{"href":"https:\/\/goyanes-restaurierung.com\/index.php?rest_route=\/wp\/v2\/pages\/49"}],"collection":[{"href":"https:\/\/goyanes-restaurierung.com\/index.php?rest_route=\/wp\/v2\/pages"}],"about":[{"href":"https:\/\/goyanes-restaurierung.com\/index.php?rest_route=\/wp\/v2\/types\/page"}],"author":[{"embeddable":true,"href":"https:\/\/goyanes-restaurierung.com\/index.php?rest_route=\/wp\/v2\/users\/1"}],"replies":[{"embeddable":true,"href":"https:\/\/goyanes-restaurierung.com\/index.php?rest_route=%2Fwp%2Fv2%2Fcomments&post=49"}],"version-history":[{"count":8,"href":"https:\/\/goyanes-restaurierung.com\/index.php?rest_route=\/wp\/v2\/pages\/49\/revisions"}],"predecessor-version":[{"id":578,"href":"https:\/\/goyanes-restaurierung.com\/index.php?rest_route=\/wp\/v2\/pages\/49\/revisions\/578"}],"wp:attachment":[{"href":"https:\/\/goyanes-restaurierung.com\/index.php?rest_route=%2Fwp%2Fv2%2Fmedia&parent=49"}],"curies":[{"name":"wp","href":"https:\/\/api.w.org\/{rel}","templated":true}]}}