{"id":40,"date":"2014-05-04T13:21:27","date_gmt":"2014-05-04T11:21:27","guid":{"rendered":"http:\/\/goyanes-restaurierung.com\/?page_id=40"},"modified":"2019-01-23T18:17:45","modified_gmt":"2019-01-23T16:17:45","slug":"ausbildung-2","status":"publish","type":"page","link":"https:\/\/goyanes-restaurierung.com\/?page_id=40","title":{"rendered":"Kurzvita"},"content":{"rendered":"<p><strong>2001\u20132002<\/strong><br \/>\nStudium der Kunstgeschichte und Vorbereitung des Zulassungstests zum Studium an der Universit\u00e4t der Sch\u00f6nen K\u00fcnste in Madrid.<\/p>\n<p><strong>2002\u20132007<\/strong><br \/>\nKunststudium Fachrichtung Erhaltung und Restaurierung von Kunstwerken an der Universit\u00e4t der Sch\u00f6nen K\u00fcnste in Madrid.<\/p>\n<p><strong>2007<\/strong><br \/>\nAbschluss des Studiums mit dem Grad&nbsp;<em>\u201eLicenciada en Bellas Artes\u201c<\/em>&nbsp;Fachrichtung Erhaltung und Restaurierung von Kunstwerken,&nbsp;welches nach einem Gutachtem der <em>Zentralstelle f\u00fcr ausl\u00e4ndisches Bildungswesen<\/em> dem deutschen Hochschuldiplom entspricht.<\/p>\n<p><strong>2008\u20132009<\/strong><br \/>\n18-monatige Festanstellung als Restauratorin bei <em>\u201eConservaci\u00f3n de Bienes Culturales S.L.U.\u201c<\/em>. Schwerpunkt Restaurierung von Altarbildern und polychromen Holzskulpturen.<\/p>\n<p><strong><strong>2010<\/strong><br \/>\n<\/strong>Erlangen der Zusatzqualifikation als Kunstlehrerin<\/p>\n<p><strong>2011<\/strong><br \/>\nNeun&nbsp;Monate Aufenthalt in England. Sprachkurs und Innenarchitektur-Kurs am <em>Arts University College in Bournemouth<\/em>.<\/p>\n<p><strong>2011\u20132012<\/strong><br \/>\nKunstlehrerin am Gymnasium <em>Mar\u00eda Assumpta in Noya<\/em> in den Klassen 7\u201310 (ein Schuljahr).<\/p>\n<p><strong>2012<\/strong><br \/>\nUmzug nach Stuttgart.<\/p>\n<p><strong>2013<\/strong><br \/>\nSechsmonatige Mitarbeit in Vollzeit im Atelier f\u00fcr M\u00f6bel Restaurierung Christoph Schairer in Backnang.<\/p>\n<p><strong>2014<\/strong><br \/>\nSelbst\u00e4ndig als Restauratorin f\u00fcr Skulpturen, Gem\u00e4lde und M\u00f6bel.<br \/>\nMitglied Verband der Restauratoren (VDR)<\/p>\n<p><strong>2015<br \/>\n<\/strong>Seminar &#8222;Rissverklebung&#8220; in Staatlichen Akademie der Bildenden K\u00fcnste Stuttgarrt.<br \/>\nDipl.- Rest. Petra Demut und M.A. Hannah Flock.<\/p>\n","protected":false},"excerpt":{"rendered":"<p>2001\u20132002 Studium der Kunstgeschichte und Vorbereitung des Zulassungstests zum Studium an der Universit\u00e4t der Sch\u00f6nen K\u00fcnste in Madrid. 2002\u20132007 Kunststudium Fachrichtung Erhaltung und Restaurierung von &hellip; <\/p>\n","protected":false},"author":1,"featured_media":0,"parent":0,"menu_order":2,"comment_status":"closed","ping_status":"open","template":"","meta":[],"_links":{"self":[{"href":"https:\/\/goyanes-restaurierung.com\/index.php?rest_route=\/wp\/v2\/pages\/40"}],"collection":[{"href":"https:\/\/goyanes-restaurierung.com\/index.php?rest_route=\/wp\/v2\/pages"}],"about":[{"href":"https:\/\/goyanes-restaurierung.com\/index.php?rest_route=\/wp\/v2\/types\/page"}],"author":[{"embeddable":true,"href":"https:\/\/goyanes-restaurierung.com\/index.php?rest_route=\/wp\/v2\/users\/1"}],"replies":[{"embeddable":true,"href":"https:\/\/goyanes-restaurierung.com\/index.php?rest_route=%2Fwp%2Fv2%2Fcomments&post=40"}],"version-history":[{"count":8,"href":"https:\/\/goyanes-restaurierung.com\/index.php?rest_route=\/wp\/v2\/pages\/40\/revisions"}],"predecessor-version":[{"id":575,"href":"https:\/\/goyanes-restaurierung.com\/index.php?rest_route=\/wp\/v2\/pages\/40\/revisions\/575"}],"wp:attachment":[{"href":"https:\/\/goyanes-restaurierung.com\/index.php?rest_route=%2Fwp%2Fv2%2Fmedia&parent=40"}],"curies":[{"name":"wp","href":"https:\/\/api.w.org\/{rel}","templated":true}]}}